{"id":20,"date":"2024-09-22T11:31:18","date_gmt":"2024-09-22T11:31:18","guid":{"rendered":"https:\/\/buildgo.themeori.com\/?page_id=20"},"modified":"2025-06-19T18:47:46","modified_gmt":"2025-06-19T16:47:46","slug":"faqs","status":"publish","type":"page","link":"https:\/\/aotecgmbh.com\/en\/faqs\/","title":{"rendered":"FAQs"},"content":{"rendered":"<div data-elementor-type=\"wp-page\" data-elementor-id=\"20\" class=\"elementor elementor-20\">\n\t\t\t\t\t\t<section class=\"elementor-section elementor-top-section elementor-element elementor-element-4d7037c elementor-section-boxed elementor-section-height-default elementor-section-height-default\" data-id=\"4d7037c\" data-element_type=\"section\" data-e-type=\"section\">\n\t\t\t\t\t\t<div class=\"elementor-container elementor-column-gap-default\">\n\t\t\t\t\t<div class=\"elementor-column elementor-col-100 elementor-top-column elementor-element elementor-element-c87b715\" data-id=\"c87b715\" data-element_type=\"column\" data-e-type=\"column\">\n\t\t\t<div class=\"elementor-widget-wrap elementor-element-populated\">\n\t\t\t\t\t\t<div class=\"elementor-element elementor-element-e0a05f6 elementor-widget elementor-widget-flexitype-advanced-accordion\" data-id=\"e0a05f6\" data-element_type=\"widget\" data-e-type=\"widget\" data-widget_type=\"flexitype-advanced-accordion.default\">\n\t\t\t\t<div class=\"elementor-widget-container\">\n\t\t\t\t\t            <div class=\"accordion\">\r\n                                    <div class=\"accordion_area-item accordion_item-998\">\r\n                        <div class=\"accordion_area-item-title icon_end\">                            \r\n                            <h6>\r\n                                                                What does A&amp;O TEC GmbH do?                            <\/h6>\r\n                                                            <span class=\"accordion-icon-close\"><i class=\"fas fa-plus\"><\/i><\/span>\r\n                                                                                        <span class=\"accordion-icon-open\"><i class=\"fas fa-minus\"><\/i><\/span>\r\n                                                 \r\n                        <\/div>\r\n                        <div class=\"accordion_area-item-body\">\r\n                                                                <p>A&amp;O TEC GmbH offers customized engineering solutions, trading and consulting services for infrastructure projects, industrial development and global procurement.<\/p>\n                                                        <\/div>\r\n                    <\/div>\r\n                                    <div class=\"accordion_area-item accordion_item-998\">\r\n                        <div class=\"accordion_area-item-title icon_end active\">                            \r\n                            <h6>\r\n                                                                What projects does A&amp;O TEC realize?                            <\/h6>\r\n                                                            <span class=\"accordion-icon-close\"><i class=\"fas fa-plus\"><\/i><\/span>\r\n                                                                                        <span class=\"accordion-icon-open\"><i class=\"fas fa-minus\"><\/i><\/span>\r\n                                                 \r\n                        <\/div>\r\n                        <div class=\"accordion_area-item-body\">\r\n                                                                <p>A&amp;O TEC realizes infrastructure projects, industrial development, factory construction and strategic sourcing projects worldwide, especially in Libya and North Africa.<\/p>\n                                                        <\/div>\r\n                    <\/div>\r\n                                    <div class=\"accordion_area-item accordion_item-998\">\r\n                        <div class=\"accordion_area-item-title icon_end\">                            \r\n                            <h6>\r\n                                                                How does A&amp;O TEC support international trade?                            <\/h6>\r\n                                                            <span class=\"accordion-icon-close\"><i class=\"fas fa-plus\"><\/i><\/span>\r\n                                                                                        <span class=\"accordion-icon-open\"><i class=\"fas fa-minus\"><\/i><\/span>\r\n                                                 \r\n                        <\/div>\r\n                        <div class=\"accordion_area-item-body\">\r\n                                                                <p>A&amp;O TEC optimizes global trade by sourcing and exporting high-quality construction materials, machinery and technology, with a strong focus on the Middle East and North Africa.<\/p>\n                                                        <\/div>\r\n                    <\/div>\r\n                                    <div class=\"accordion_area-item accordion_item-998\">\r\n                        <div class=\"accordion_area-item-title icon_end\">                            \r\n                            <h6>\r\n                                                                Which industries benefit from A&amp;O TEC?                            <\/h6>\r\n                                                            <span class=\"accordion-icon-close\"><i class=\"fas fa-plus\"><\/i><\/span>\r\n                                                                                        <span class=\"accordion-icon-open\"><i class=\"fas fa-minus\"><\/i><\/span>\r\n                                                 \r\n                        <\/div>\r\n                        <div class=\"accordion_area-item-body\">\r\n                                                                <p>A&amp;O TEC supports companies in the construction industry, infrastructure development, manufacturing industry and technology import, through global sourcing and technical consultancy.<\/p>\n                                                        <\/div>\r\n                    <\/div>\r\n                                    <div class=\"accordion_area-item accordion_item-998\">\r\n                        <div class=\"accordion_area-item-title icon_end\">                            \r\n                            <h6>\r\n                                                                Why choose A&amp;O TEC for infrastructure projects?                            <\/h6>\r\n                                                            <span class=\"accordion-icon-close\"><i class=\"fas fa-plus\"><\/i><\/span>\r\n                                                                                        <span class=\"accordion-icon-open\"><i class=\"fas fa-minus\"><\/i><\/span>\r\n                                                 \r\n                        <\/div>\r\n                        <div class=\"accordion_area-item-body\">\r\n                                                                <p>A&amp;O TEC combines technical precision, international networks and sustainable solutions to deliver successful infrastructure projects with high efficiency and global sourcing.<\/p>\n                                                        <\/div>\r\n                    <\/div>\r\n                            <\/div>\r\n            <script>\r\n                (function ($) {\r\n                    \"use strict\"; \r\n                    $(document).ready(function(){\r\n                        $(\".accordion_item-998 .accordion_area-item-title.active\").closest('.accordion_item-998').addClass('active').find('.accordion_area-item-body').show();\r\n                        $(\".accordion_item-998 .accordion_area-item-title\").click(function(){\r\n                            var $toggle = $(this).closest('.accordion_item-998');\r\n                                \r\n                            $(\".accordion_item-998 .accordion_area-item-title\").not(this).removeClass(\"active\");\r\n                            $(\".accordion_item-998\").not($toggle).removeClass('active').find('.accordion_area-item-body').slideUp(300);\r\n\r\n                            $(this).toggleClass(\"active\");\r\n                            $toggle.toggleClass('active').find('.accordion_area-item-body').slideToggle(300);\r\n                        });\r\n                    });\r\n                })(jQuery);\r\n            <\/script>\r\n        \t\t\t\t<\/div>\n\t\t\t\t<\/div>\n\t\t\t\t\t<\/div>\n\t\t<\/div>\n\t\t\t\t\t<\/div>\n\t\t<\/section>\n\t\t\t\t<\/div>","protected":false},"excerpt":{"rendered":"<p>Was macht A&amp;O TEC GmbH? A&amp;O TEC GmbH bietet ma\u00dfgeschneiderte Ingenieurl\u00f6sungen, Handels- und Beratungsdienstleistungen f\u00fcr Infrastrukturprojekte, Industrieentwicklung und globale Beschaffung. Welche Projekte realisiert A&amp;O TEC? A&amp;O TEC realisiert Infrastrukturprojekte, Industrieentwicklungen, Fabrikaufbau und strategische Beschaffungsprojekte weltweit, insbesondere in Libyen und Nordafrika. Wie unterst\u00fctzt A&amp;O TEC den internationalen Handel? A&amp;O TEC optimiert den globalen Handel, indem es [&hellip;]<\/p>\n","protected":false},"author":1,"featured_media":0,"parent":0,"menu_order":0,"comment_status":"closed","ping_status":"closed","template":"page-builder.php","meta":{"footnotes":""},"class_list":["post-20","page","type-page","status-publish","hentry"],"_links":{"self":[{"href":"https:\/\/aotecgmbh.com\/en\/wp-json\/wp\/v2\/pages\/20","targetHints":{"allow":["GET"]}}],"collection":[{"href":"https:\/\/aotecgmbh.com\/en\/wp-json\/wp\/v2\/pages"}],"about":[{"href":"https:\/\/aotecgmbh.com\/en\/wp-json\/wp\/v2\/types\/page"}],"author":[{"embeddable":true,"href":"https:\/\/aotecgmbh.com\/en\/wp-json\/wp\/v2\/users\/1"}],"replies":[{"embeddable":true,"href":"https:\/\/aotecgmbh.com\/en\/wp-json\/wp\/v2\/comments?post=20"}],"version-history":[{"count":3,"href":"https:\/\/aotecgmbh.com\/en\/wp-json\/wp\/v2\/pages\/20\/revisions"}],"predecessor-version":[{"id":3998,"href":"https:\/\/aotecgmbh.com\/en\/wp-json\/wp\/v2\/pages\/20\/revisions\/3998"}],"wp:attachment":[{"href":"https:\/\/aotecgmbh.com\/en\/wp-json\/wp\/v2\/media?parent=20"}],"curies":[{"name":"wp","href":"https:\/\/api.w.org\/{rel}","templated":true}]}}