{"id":22,"date":"2024-09-22T11:30:53","date_gmt":"2024-09-22T11:30:53","guid":{"rendered":"https:\/\/buildgo.themeori.com\/?page_id=22"},"modified":"2025-06-19T12:00:47","modified_gmt":"2025-06-19T10:00:47","slug":"karriere","status":"publish","type":"page","link":"https:\/\/aotecgmbh.com\/en\/karriere\/","title":{"rendered":"Career"},"content":{"rendered":"<div data-elementor-type=\"wp-page\" data-elementor-id=\"22\" class=\"elementor elementor-22\">\n\t\t\t\t<div class=\"elementor-element elementor-element-2b1a8c2 elementor-hidden-tablet elementor-hidden-mobile e-flex e-con-boxed e-con e-parent\" data-id=\"2b1a8c2\" data-element_type=\"container\" data-e-type=\"container\">\n\t\t\t\t\t<div class=\"e-con-inner\">\n\t\t<div class=\"elementor-element elementor-element-7906511 e-con-full e-flex e-con e-child\" data-id=\"7906511\" data-element_type=\"container\" data-e-type=\"container\">\n\t\t\t\t<div class=\"elementor-element elementor-element-0bfc126 elementor-widget elementor-widget-heading\" data-id=\"0bfc126\" data-element_type=\"widget\" data-e-type=\"widget\" data-widget_type=\"heading.default\">\n\t\t\t\t<div class=\"elementor-widget-container\">\n\t\t\t\t\t<h2 class=\"elementor-heading-title elementor-size-default\">Build the Future with Us<\/h2>\t\t\t\t<\/div>\n\t\t\t\t<\/div>\n\t\t\t\t<div class=\"elementor-element elementor-element-167f21a elementor-widget elementor-widget-heading\" data-id=\"167f21a\" data-element_type=\"widget\" data-e-type=\"widget\" data-widget_type=\"heading.default\">\n\t\t\t\t<div class=\"elementor-widget-container\">\n\t\t\t\t\t<h4 class=\"elementor-heading-title elementor-size-default\">Technology, Trust &amp; Diversity \u2013 United in One Team<\/h4>\t\t\t\t<\/div>\n\t\t\t\t<\/div>\n\t\t\t\t<div class=\"elementor-element elementor-element-730595a elementor-widget elementor-widget-text-editor\" data-id=\"730595a\" data-element_type=\"widget\" data-e-type=\"widget\" data-widget_type=\"text-editor.default\">\n\t\t\t\t<div class=\"elementor-widget-container\">\n\t\t\t\t\t\t\t\t\t<p>We are an intercultural company rooted in North Africa and the Middle East. As part of the Khalifa Holding Group, we combine German engineering expertise with regional presence and cultural understanding. Together, we create sustainable solutions in trade, engineering, and consulting \u2013 driving economic progress and positive societal change.<\/p>\t\t\t\t\t\t\t\t<\/div>\n\t\t\t\t<\/div>\n\t\t\t\t<div class=\"elementor-element elementor-element-405cfb0 elementor-widget elementor-widget-flexitype-creative-button\" data-id=\"405cfb0\" data-element_type=\"widget\" data-e-type=\"widget\" data-widget_type=\"flexitype-creative-button.default\">\n\t\t\t\t<div class=\"elementor-widget-container\">\n\t\t\t\t\t        <div class=\"flexitype-btn\">\r\n            <a class=\"flexitype-btn-wrapper button-isi  right\" href=\"\/en\/opening-jobs\/\" data-text=\"Zu unseren offenen Stellen\">\r\n                <span>Open Positions<\/span>\r\n                                    <i class=\"flaticon flaticon-right-up\"><\/i>\r\n                            <\/a>\r\n        <\/div>\r\n        \t\t\t\t<\/div>\n\t\t\t\t<\/div>\n\t\t\t\t<\/div>\n\t\t<div class=\"elementor-element elementor-element-e5ce1d6 e-con-full e-flex e-con e-child\" data-id=\"e5ce1d6\" data-element_type=\"container\" data-e-type=\"container\" data-settings=\"{&quot;background_background&quot;:&quot;classic&quot;}\">\n\t\t\t\t<div class=\"elementor-element elementor-element-02dd334 elementor-widget elementor-widget-image\" data-id=\"02dd334\" data-element_type=\"widget\" data-e-type=\"widget\" data-widget_type=\"image.default\">\n\t\t\t\t<div class=\"elementor-widget-container\">\n\t\t\t\t\t\t\t\t\t\t\t\t\t\t\t<img fetchpriority=\"high\" decoding=\"async\" width=\"1024\" height=\"683\" src=\"https:\/\/aotecgmbh.com\/wp-content\/uploads\/2025\/06\/Karriereseite_2-1024x683.jpg\" class=\"attachment-large size-large wp-image-3803\" alt=\"\" srcset=\"https:\/\/aotecgmbh.com\/wp-content\/uploads\/2025\/06\/Karriereseite_2-1024x683.jpg 1024w, https:\/\/aotecgmbh.com\/wp-content\/uploads\/2025\/06\/Karriereseite_2-300x200.jpg 300w, https:\/\/aotecgmbh.com\/wp-content\/uploads\/2025\/06\/Karriereseite_2-768x512.jpg 768w, https:\/\/aotecgmbh.com\/wp-content\/uploads\/2025\/06\/Karriereseite_2-1536x1024.jpg 1536w, https:\/\/aotecgmbh.com\/wp-content\/uploads\/2025\/06\/Karriereseite_2-2048x1365.jpg 2048w\" sizes=\"(max-width: 1024px) 100vw, 1024px\" \/>\t\t\t\t\t\t\t\t\t\t\t\t\t\t\t<\/div>\n\t\t\t\t<\/div>\n\t\t\t\t<\/div>\n\t\t\t\t\t<\/div>\n\t\t\t\t<\/div>\n\t\t<div class=\"elementor-element elementor-element-c11df34 elementor-hidden-desktop elementor-hidden-tablet e-flex e-con-boxed e-con e-parent\" data-id=\"c11df34\" data-element_type=\"container\" data-e-type=\"container\">\n\t\t\t\t\t<div class=\"e-con-inner\">\n\t\t<div class=\"elementor-element elementor-element-ed21007 e-con-full e-flex e-con e-child\" data-id=\"ed21007\" data-element_type=\"container\" data-e-type=\"container\">\n\t\t\t\t<div class=\"elementor-element elementor-element-de5b81a elementor-widget elementor-widget-image\" data-id=\"de5b81a\" data-element_type=\"widget\" data-e-type=\"widget\" data-widget_type=\"image.default\">\n\t\t\t\t<div class=\"elementor-widget-container\">\n\t\t\t\t\t\t\t\t\t\t\t\t\t\t\t<img fetchpriority=\"high\" decoding=\"async\" width=\"1024\" height=\"683\" src=\"https:\/\/aotecgmbh.com\/wp-content\/uploads\/2025\/06\/Karriereseite_2-1024x683.jpg\" class=\"attachment-large size-large wp-image-3803\" alt=\"\" srcset=\"https:\/\/aotecgmbh.com\/wp-content\/uploads\/2025\/06\/Karriereseite_2-1024x683.jpg 1024w, https:\/\/aotecgmbh.com\/wp-content\/uploads\/2025\/06\/Karriereseite_2-300x200.jpg 300w, https:\/\/aotecgmbh.com\/wp-content\/uploads\/2025\/06\/Karriereseite_2-768x512.jpg 768w, https:\/\/aotecgmbh.com\/wp-content\/uploads\/2025\/06\/Karriereseite_2-1536x1024.jpg 1536w, https:\/\/aotecgmbh.com\/wp-content\/uploads\/2025\/06\/Karriereseite_2-2048x1365.jpg 2048w\" sizes=\"(max-width: 1024px) 100vw, 1024px\" \/>\t\t\t\t\t\t\t\t\t\t\t\t\t\t\t<\/div>\n\t\t\t\t<\/div>\n\t\t\t\t<div class=\"elementor-element elementor-element-bcce8b2 elementor-widget elementor-widget-heading\" data-id=\"bcce8b2\" data-element_type=\"widget\" data-e-type=\"widget\" data-widget_type=\"heading.default\">\n\t\t\t\t<div class=\"elementor-widget-container\">\n\t\t\t\t\t<h2 class=\"elementor-heading-title elementor-size-default\">Build the Future with Us<\/h2>\t\t\t\t<\/div>\n\t\t\t\t<\/div>\n\t\t\t\t<div class=\"elementor-element elementor-element-99ea1f9 elementor-widget elementor-widget-heading\" data-id=\"99ea1f9\" data-element_type=\"widget\" data-e-type=\"widget\" data-widget_type=\"heading.default\">\n\t\t\t\t<div class=\"elementor-widget-container\">\n\t\t\t\t\t<h4 class=\"elementor-heading-title elementor-size-default\">Technology, Trust &amp; Diversity \u2013 United in One Team<\/h4>\t\t\t\t<\/div>\n\t\t\t\t<\/div>\n\t\t\t\t<div class=\"elementor-element elementor-element-779816a elementor-widget elementor-widget-text-editor\" data-id=\"779816a\" data-element_type=\"widget\" data-e-type=\"widget\" data-widget_type=\"text-editor.default\">\n\t\t\t\t<div class=\"elementor-widget-container\">\n\t\t\t\t\t\t\t\t\t<p>We are an intercultural company rooted in North Africa and the Middle East. As part of the Khalifa Holding Group, we combine German engineering expertise with regional presence and cultural understanding. Together, we create sustainable solutions in trade, engineering, and consulting \u2013 driving economic progress and positive societal change.<\/p>\t\t\t\t\t\t\t\t<\/div>\n\t\t\t\t<\/div>\n\t\t\t\t<div class=\"elementor-element elementor-element-e5c5541 elementor-widget elementor-widget-flexitype-creative-button\" data-id=\"e5c5541\" data-element_type=\"widget\" data-e-type=\"widget\" data-widget_type=\"flexitype-creative-button.default\">\n\t\t\t\t<div class=\"elementor-widget-container\">\n\t\t\t\t\t        <div class=\"flexitype-btn\">\r\n            <a class=\"flexitype-btn-wrapper button-isi  right\" href=\"\/en\/opening-jobs\/\" data-text=\"Zu unseren offenen Stellen\">\r\n                <span>Open Positions<\/span>\r\n                                    <i class=\"flaticon flaticon-right-up\"><\/i>\r\n                            <\/a>\r\n        <\/div>\r\n        \t\t\t\t<\/div>\n\t\t\t\t<\/div>\n\t\t\t\t<\/div>\n\t\t\t\t\t<\/div>\n\t\t\t\t<\/div>\n\t\t<div class=\"elementor-element elementor-element-0cfbf5e e-flex e-con-boxed e-con e-parent\" data-id=\"0cfbf5e\" data-element_type=\"container\" data-e-type=\"container\">\n\t\t\t\t\t<div class=\"e-con-inner\">\n\t\t<div class=\"elementor-element elementor-element-2fdcd78 e-con-full e-flex e-con e-child\" data-id=\"2fdcd78\" data-element_type=\"container\" data-e-type=\"container\" data-settings=\"{&quot;background_background&quot;:&quot;classic&quot;}\">\n\t\t\t\t<div class=\"elementor-element elementor-element-2445a55 elementor-widget elementor-widget-image\" data-id=\"2445a55\" data-element_type=\"widget\" data-e-type=\"widget\" data-widget_type=\"image.default\">\n\t\t\t\t<div class=\"elementor-widget-container\">\n\t\t\t\t\t\t\t\t\t\t\t\t\t\t\t<img decoding=\"async\" width=\"1024\" height=\"576\" src=\"https:\/\/aotecgmbh.com\/wp-content\/uploads\/2025\/06\/Karriereseite1-1024x576.jpg\" class=\"attachment-large size-large wp-image-3834\" alt=\"\" srcset=\"https:\/\/aotecgmbh.com\/wp-content\/uploads\/2025\/06\/Karriereseite1-1024x576.jpg 1024w, https:\/\/aotecgmbh.com\/wp-content\/uploads\/2025\/06\/Karriereseite1-300x169.jpg 300w, https:\/\/aotecgmbh.com\/wp-content\/uploads\/2025\/06\/Karriereseite1-768x432.jpg 768w, https:\/\/aotecgmbh.com\/wp-content\/uploads\/2025\/06\/Karriereseite1-1536x864.jpg 1536w, https:\/\/aotecgmbh.com\/wp-content\/uploads\/2025\/06\/Karriereseite1-2048x1152.jpg 2048w\" sizes=\"(max-width: 1024px) 100vw, 1024px\" \/>\t\t\t\t\t\t\t\t\t\t\t\t\t\t\t<\/div>\n\t\t\t\t<\/div>\n\t\t\t\t<\/div>\n\t\t<div class=\"elementor-element elementor-element-aab2970 e-con-full e-flex e-con e-child\" data-id=\"aab2970\" data-element_type=\"container\" data-e-type=\"container\">\n\t\t\t\t<div class=\"elementor-element elementor-element-829ce44 elementor-widget elementor-widget-heading\" data-id=\"829ce44\" data-element_type=\"widget\" data-e-type=\"widget\" data-widget_type=\"heading.default\">\n\t\t\t\t<div class=\"elementor-widget-container\">\n\t\t\t\t\t<h2 class=\"elementor-heading-title elementor-size-default\">Ready to Make an Impact from Day One?<\/h2>\t\t\t\t<\/div>\n\t\t\t\t<\/div>\n\t\t\t\t<div class=\"elementor-element elementor-element-49c83cb elementor-widget elementor-widget-text-editor\" data-id=\"49c83cb\" data-element_type=\"widget\" data-e-type=\"widget\" data-widget_type=\"text-editor.default\">\n\t\t\t\t<div class=\"elementor-widget-container\">\n\t\t\t\t\t\t\t\t\t<p>With us, you're not just contributing \u2013 you're making a real difference. In an environment built on diversity, trust, and technical excellence, you\u2019ll find the freedom to grow and actively shape the future.<\/p>\t\t\t\t\t\t\t\t<\/div>\n\t\t\t\t<\/div>\n\t\t\t\t<\/div>\n\t\t\t\t\t<\/div>\n\t\t\t\t<\/div>\n\t\t<div class=\"elementor-element elementor-element-2dbd39a e-flex e-con-boxed e-con e-parent\" data-id=\"2dbd39a\" data-element_type=\"container\" data-e-type=\"container\" data-settings=\"{&quot;background_background&quot;:&quot;classic&quot;}\">\n\t\t\t\t\t<div class=\"e-con-inner\">\n\t\t<div class=\"elementor-element elementor-element-1191129 e-con-full e-flex e-con e-child\" data-id=\"1191129\" data-element_type=\"container\" data-e-type=\"container\">\n\t\t\t\t<div class=\"elementor-element elementor-element-314f1a8 elementor-widget elementor-widget-heading\" data-id=\"314f1a8\" data-element_type=\"widget\" data-e-type=\"widget\" data-widget_type=\"heading.default\">\n\t\t\t\t<div class=\"elementor-widget-container\">\n\t\t\t\t\t<h2 class=\"elementor-heading-title elementor-size-default\">3 Reasons to Join Our Team<\/h2>\t\t\t\t<\/div>\n\t\t\t\t<\/div>\n\t\t\t\t<\/div>\n\t\t<div class=\"elementor-element elementor-element-874908e e-con-full e-flex e-con e-child\" data-id=\"874908e\" data-element_type=\"container\" data-e-type=\"container\">\n\t\t<div class=\"elementor-element elementor-element-c09eedf e-con-full e-flex e-con e-child\" data-id=\"c09eedf\" data-element_type=\"container\" data-e-type=\"container\">\n\t\t\t\t<div class=\"elementor-element elementor-element-63732ae elementor-widget elementor-widget-heading\" data-id=\"63732ae\" data-element_type=\"widget\" data-e-type=\"widget\" data-widget_type=\"heading.default\">\n\t\t\t\t<div class=\"elementor-widget-container\">\n\t\t\t\t\t<h4 class=\"elementor-heading-title elementor-size-default\">1. Grow in a Role That Suits You<\/h4>\t\t\t\t<\/div>\n\t\t\t\t<\/div>\n\t\t\t\t<div class=\"elementor-element elementor-element-9f8135b elementor-widget elementor-widget-text-editor\" data-id=\"9f8135b\" data-element_type=\"widget\" data-e-type=\"widget\" data-widget_type=\"text-editor.default\">\n\t\t\t\t<div class=\"elementor-widget-container\">\n\t\t\t\t\t\t\t\t\t<p>Take initiative, own your projects, and grow alongside us \u2013 through meaningful work, clear career paths, and continuous learning opportunities.<\/p>\t\t\t\t\t\t\t\t<\/div>\n\t\t\t\t<\/div>\n\t\t\t\t<\/div>\n\t\t<div class=\"elementor-element elementor-element-a3b9495 e-con-full e-flex e-con e-child\" data-id=\"a3b9495\" data-element_type=\"container\" data-e-type=\"container\">\n\t\t\t\t<div class=\"elementor-element elementor-element-5821339 elementor-widget elementor-widget-heading\" data-id=\"5821339\" data-element_type=\"widget\" data-e-type=\"widget\" data-widget_type=\"heading.default\">\n\t\t\t\t<div class=\"elementor-widget-container\">\n\t\t\t\t\t<h4 class=\"elementor-heading-title elementor-size-default\">2. Embrace Diversity. Share Values.<\/h4>\t\t\t\t<\/div>\n\t\t\t\t<\/div>\n\t\t\t\t<div class=\"elementor-element elementor-element-d952f24 elementor-widget elementor-widget-text-editor\" data-id=\"d952f24\" data-element_type=\"widget\" data-e-type=\"widget\" data-widget_type=\"text-editor.default\">\n\t\t\t\t<div class=\"elementor-widget-container\">\n\t\t\t\t\t\t\t\t\t<p>We are a diverse and international team that thrives on openness, mutual respect, and strong collaboration. Diversity is our strength.<\/p>\t\t\t\t\t\t\t\t<\/div>\n\t\t\t\t<\/div>\n\t\t\t\t<\/div>\n\t\t<div class=\"elementor-element elementor-element-34bf4c8 e-con-full e-flex e-con e-child\" data-id=\"34bf4c8\" data-element_type=\"container\" data-e-type=\"container\">\n\t\t\t\t<div class=\"elementor-element elementor-element-e06a327 elementor-widget elementor-widget-heading\" data-id=\"e06a327\" data-element_type=\"widget\" data-e-type=\"widget\" data-widget_type=\"heading.default\">\n\t\t\t\t<div class=\"elementor-widget-container\">\n\t\t\t\t\t<h4 class=\"elementor-heading-title elementor-size-default\">3. Make a Lasting Impact \u2013 Locally and Globally<\/h4>\t\t\t\t<\/div>\n\t\t\t\t<\/div>\n\t\t\t\t<div class=\"elementor-element elementor-element-3ea72bd elementor-widget elementor-widget-text-editor\" data-id=\"3ea72bd\" data-element_type=\"widget\" data-e-type=\"widget\" data-widget_type=\"text-editor.default\">\n\t\t\t\t<div class=\"elementor-widget-container\">\n\t\t\t\t\t\t\t\t\t<p>Our work matters: from rebuilding infrastructure and transferring knowledge to promoting sustainable development. Together, we build the future \u2013 with solutions that matter.<\/p>\t\t\t\t\t\t\t\t<\/div>\n\t\t\t\t<\/div>\n\t\t\t\t<\/div>\n\t\t\t\t<\/div>\n\t\t\t\t\t<\/div>\n\t\t\t\t<\/div>\n\t\t<div class=\"elementor-element elementor-element-091c5ab e-flex e-con-boxed e-con e-parent\" data-id=\"091c5ab\" data-element_type=\"container\" data-e-type=\"container\">\n\t\t\t\t\t<div class=\"e-con-inner\">\n\t\t<div class=\"elementor-element elementor-element-c6bb8f9 e-con-full e-flex e-con e-child\" data-id=\"c6bb8f9\" data-element_type=\"container\" data-e-type=\"container\">\n\t\t<div class=\"elementor-element elementor-element-561cf72 e-con-full e-flex e-con e-child\" data-id=\"561cf72\" data-element_type=\"container\" data-e-type=\"container\" data-settings=\"{&quot;background_background&quot;:&quot;classic&quot;}\">\n\t\t\t\t<div class=\"elementor-element elementor-element-a2c91a6 elementor-widget elementor-widget-image\" data-id=\"a2c91a6\" data-element_type=\"widget\" data-e-type=\"widget\" data-widget_type=\"image.default\">\n\t\t\t\t<div class=\"elementor-widget-container\">\n\t\t\t\t\t\t\t\t\t\t\t\t\t\t\t<img decoding=\"async\" width=\"1024\" height=\"576\" src=\"https:\/\/aotecgmbh.com\/wp-content\/uploads\/2025\/06\/Karriereseite1-1024x576.jpg\" class=\"attachment-large size-large wp-image-3834\" alt=\"\" srcset=\"https:\/\/aotecgmbh.com\/wp-content\/uploads\/2025\/06\/Karriereseite1-1024x576.jpg 1024w, https:\/\/aotecgmbh.com\/wp-content\/uploads\/2025\/06\/Karriereseite1-300x169.jpg 300w, https:\/\/aotecgmbh.com\/wp-content\/uploads\/2025\/06\/Karriereseite1-768x432.jpg 768w, https:\/\/aotecgmbh.com\/wp-content\/uploads\/2025\/06\/Karriereseite1-1536x864.jpg 1536w, https:\/\/aotecgmbh.com\/wp-content\/uploads\/2025\/06\/Karriereseite1-2048x1152.jpg 2048w\" sizes=\"(max-width: 1024px) 100vw, 1024px\" \/>\t\t\t\t\t\t\t\t\t\t\t\t\t\t\t<\/div>\n\t\t\t\t<\/div>\n\t\t\t\t<\/div>\n\t\t<div class=\"elementor-element elementor-element-2a3ee5b e-con-full e-flex e-con e-child\" data-id=\"2a3ee5b\" data-element_type=\"container\" data-e-type=\"container\">\n\t\t\t\t<div class=\"elementor-element elementor-element-1eabd52 elementor-widget elementor-widget-heading\" data-id=\"1eabd52\" data-element_type=\"widget\" data-e-type=\"widget\" data-widget_type=\"heading.default\">\n\t\t\t\t<div class=\"elementor-widget-container\">\n\t\t\t\t\t<h2 class=\"elementor-heading-title elementor-size-default\">Why You Can Rely on Us<\/h2>\t\t\t\t<\/div>\n\t\t\t\t<\/div>\n\t\t\t\t<div class=\"elementor-element elementor-element-9ce5bb5 elementor-widget elementor-widget-text-editor\" data-id=\"9ce5bb5\" data-element_type=\"widget\" data-e-type=\"widget\" data-widget_type=\"text-editor.default\">\n\t\t\t\t<div class=\"elementor-widget-container\">\n\t\t\t\t\t\t\t\t\t<p>Because we offer more than just a job. We provide an environment where people thrive. With clear structures, a culture of trust, and a belief in the power of collaboration to achieve real impact.<\/p>\t\t\t\t\t\t\t\t<\/div>\n\t\t\t\t<\/div>\n\t\t\t\t<div class=\"elementor-element elementor-element-18d363a elementor-widget elementor-widget-heading\" data-id=\"18d363a\" data-element_type=\"widget\" data-e-type=\"widget\" data-widget_type=\"heading.default\">\n\t\t\t\t<div class=\"elementor-widget-container\">\n\t\t\t\t\t<h4 class=\"elementor-heading-title elementor-size-default\">Curious to Learn More?<\/h4>\t\t\t\t<\/div>\n\t\t\t\t<\/div>\n\t\t\t\t<div class=\"elementor-element elementor-element-b641040 elementor-widget elementor-widget-flexitype-creative-button\" data-id=\"b641040\" data-element_type=\"widget\" data-e-type=\"widget\" data-widget_type=\"flexitype-creative-button.default\">\n\t\t\t\t<div class=\"elementor-widget-container\">\n\t\t\t\t\t        <div class=\"flexitype-btn\">\r\n            <a class=\"flexitype-btn-wrapper button-isi  right\" href=\"\/en\/opening-jobs\/\" data-text=\"Zu unseren offenen Stellen\">\r\n                <span>Open Positions<\/span>\r\n                                    <i class=\"flaticon flaticon-right-up\"><\/i>\r\n                            <\/a>\r\n        <\/div>\r\n        \t\t\t\t<\/div>\n\t\t\t\t<\/div>\n\t\t\t\t<div class=\"elementor-element elementor-element-60448e1 elementor-hidden-tablet elementor-hidden-mobile elementor-widget elementor-widget-text-editor\" data-id=\"60448e1\" data-element_type=\"widget\" data-e-type=\"widget\" data-widget_type=\"text-editor.default\">\n\t\t\t\t<div class=\"elementor-widget-container\">\n\t\t\t\t\t\t\t\t\t<p>Or send us your speculative application \u2013 we look forward to hearing from you<\/p>\t\t\t\t\t\t\t\t<\/div>\n\t\t\t\t<\/div>\n\t\t\t\t<div class=\"elementor-element elementor-element-8e03a26 elementor-hidden-desktop elementor-hidden-tablet elementor-widget elementor-widget-text-editor\" data-id=\"8e03a26\" data-element_type=\"widget\" data-e-type=\"widget\" data-widget_type=\"text-editor.default\">\n\t\t\t\t<div class=\"elementor-widget-container\">\n\t\t\t\t\t\t\t\t\tOder schick uns deine Initiativbewerbung<br> \u2013 wir freuen uns auf dich!\t\t\t\t\t\t\t\t<\/div>\n\t\t\t\t<\/div>\n\t\t\t\t<\/div>\n\t\t\t\t<\/div>\n\t\t\t\t\t<\/div>\n\t\t\t\t<\/div>\n\t\t\t\t<\/div>","protected":false},"excerpt":{"rendered":"<p>Gestalte Zukunft mit uns Technik, Vertrauen und Vielfalt \u2013 vereint in einem Team Wir sind ein interkulturelles Unternehmen mit Wurzeln in Nordafrika und dem Nahen Osten. Als Teil der Khalifa Holding vereinen wir deutsches Engineering mit regionaler N\u00e4he und kulturellem Verst\u00e4ndnis. Gemeinsam entwickeln wir nachhaltige L\u00f6sungen in Handel, Engineering und Beratung \u2013 f\u00fcr wirtschaftlichen Fortschritt [&hellip;]<\/p>\n","protected":false},"author":1,"featured_media":0,"parent":0,"menu_order":0,"comment_status":"closed","ping_status":"closed","template":"page-builder.php","meta":{"footnotes":""},"class_list":["post-22","page","type-page","status-publish","hentry"],"_links":{"self":[{"href":"https:\/\/aotecgmbh.com\/en\/wp-json\/wp\/v2\/pages\/22","targetHints":{"allow":["GET"]}}],"collection":[{"href":"https:\/\/aotecgmbh.com\/en\/wp-json\/wp\/v2\/pages"}],"about":[{"href":"https:\/\/aotecgmbh.com\/en\/wp-json\/wp\/v2\/types\/page"}],"author":[{"embeddable":true,"href":"https:\/\/aotecgmbh.com\/en\/wp-json\/wp\/v2\/users\/1"}],"replies":[{"embeddable":true,"href":"https:\/\/aotecgmbh.com\/en\/wp-json\/wp\/v2\/comments?post=22"}],"version-history":[{"count":10,"href":"https:\/\/aotecgmbh.com\/en\/wp-json\/wp\/v2\/pages\/22\/revisions"}],"predecessor-version":[{"id":3891,"href":"https:\/\/aotecgmbh.com\/en\/wp-json\/wp\/v2\/pages\/22\/revisions\/3891"}],"wp:attachment":[{"href":"https:\/\/aotecgmbh.com\/en\/wp-json\/wp\/v2\/media?parent=22"}],"curies":[{"name":"wp","href":"https:\/\/api.w.org\/{rel}","templated":true}]}}